{"id":9,"date":"2024-11-14T14:56:14","date_gmt":"2024-11-14T05:56:14","guid":{"rendered":"http:\/\/aceq.kr\/?page_id=9"},"modified":"2026-01-09T16:20:49","modified_gmt":"2026-01-09T07:20:49","slug":"a-propos","status":"publish","type":"page","link":"https:\/\/aceq.kr\/fr\/a-propos\/","title":{"rendered":"\u00c0 propos"},"content":{"rendered":"\n<p>L\u2019Association Cor\u00e9enne des Etudes Qu\u00e9b\u00e9coises (ACEQ) a \u00e9t\u00e9 fond\u00e9e le 1er avril 2006, ayant pour but d\u2019\u00e9largir les int\u00e9r\u00eats des chercheurs sur la francophonie, d\u2019avoir une nouvelle perspective, d\u2019introduire essentiellement la linguistique, la litt\u00e9rature, l\u2019histoire et la culture qu\u00e9b\u00e9coises en Cor\u00e9e du Sud et d\u2019\u00e9changer des r\u00e9sultats scientifiques avec les chercheurs canadiens.<\/p>\n\n\n\n<p>\ud55c\uad6d\ud018\ubca1\ud559\ud68c\ub294 2006\ub144 4\uc6d4 1\uc77c, \uc5f0\uad6c\uc790\ub4e4\uc758 \uad00\uc2ec\uc744 \ud504\ub791\uc2a4\uc5b4\uad8c\uc73c\ub85c \ud655\ub300\uc2dc\ud0a4\uace0 \uc0c8\ub85c\uc6b4 \uc2dc\uac01\uc744 \uac00\uc9c0\uba70, \uce90\ub098\ub2e4, \ud2b9\ud788 \ud018\ubca1 \uc9c0\uc5ed\uc758 \uc5b4\ud559, \ubb38\ud559, \uc5ed\uc0ac, \ubb38\ud654 \ubc0f \uc608\uc220\uc744 \uad6d\ub0b4\uc5d0 \uc18c\uac1c\ud558\uace0 \uce90\ub098\ub2e4\uc640 \uc778\uc801, \ud559\ubb38\uc801 \uad50\ub958\ub97c \ubaa9\ud45c\ub85c \uc124\ub9bd\ud55c \ud559\ud68c\uc785\ub2c8\ub2e4.<\/p>\n\n\n\n<p><\/p>\n\n\n\n<hr class=\"wp-block-separator has-alpha-channel-opacity\"\/>\n\n\n\n<div class=\"timeline-container\">\n  <h1 class=\"timeline-title\">\uc5ed\ub300 \ud68c\uc7a5<\/h1>\n  <div class=\"timeline\">\n    <div class=\"timeline-item\">\n      <div class=\"timeline-year\">2006-2009<\/div>\n      <div class=\"timeline-dot\"><\/div>\n      <div class=\"timeline-content\">\n        <div class=\"president-name\">\ud55c\ub300\uade0<\/div>\n        <div class=\"term\">1, 2\ub300<\/div>\n      <\/div>\n    <\/div>\n\n    <div class=\"timeline-item\">\n      <div class=\"timeline-year\">2010-2013<\/div>\n      <div class=\"timeline-dot\"><\/div>\n      <div class=\"timeline-content\">\n        <div class=\"president-name\">\uc774\uc9c0\uc21c<\/div>\n        <div class=\"term\">3, 4\ub300<\/div>\n      <\/div>\n    <\/div>\n\n    <div class=\"timeline-item\">\n      <div class=\"timeline-year\">2014-2015<\/div>\n      <div class=\"timeline-dot\"><\/div>\n      <div class=\"timeline-content\">\n        <div class=\"president-name\">\uc774\uc778\uc219<\/div>\n        <div class=\"term\">5\ub300<\/div>\n      <\/div>\n    <\/div>\n\n    <div class=\"timeline-item\">\n      <div class=\"timeline-year\">2016-2021<\/div>\n      <div class=\"timeline-dot\"><\/div>\n      <div class=\"timeline-content\">\n        <div class=\"president-name\">\ud55c\uc6a9\ud0dd<\/div>\n        <div class=\"term\">6, 7, 8\ub300<\/div>\n      <\/div>\n    <\/div>\n\n    <div class=\"timeline-item\">\n      <div class=\"timeline-year\">2021-2023<\/div>\n      <div class=\"timeline-dot\"><\/div>\n      <div class=\"timeline-content\">\n        <div class=\"president-name\">\uc2e0\uc625\uadfc<\/div>\n        <div class=\"term\">9\ub300<\/div>\n      <\/div>\n    <\/div>\n\n    <div class=\"timeline-item\">\n      <div class=\"timeline-year\">2024-2025<\/div>\n      <div class=\"timeline-dot\"><\/div>\n      <div class=\"timeline-content\">\n        <div class=\"president-name\">\uc2e0\uc815\uc544<\/div>\n        <div class=\"term\">10\ub300<\/div>\n      <\/div>\n    <\/div>\n\n    <div class=\"timeline-item\">\n      <div class=\"timeline-year\">2026-2027<\/div>\n      <div class=\"timeline-dot\"><\/div>\n      <div class=\"timeline-content\">\n        <div class=\"president-name\">\ubc15\ud76c\ud0dc<\/div>\n        <div class=\"term\">11\ub300<\/div>\n      <\/div>\n    <\/div>\n\n\n  <\/div>\n<\/div>\n","protected":false},"excerpt":{"rendered":"<p>L\u2019Association Cor\u00e9enne des Etudes Qu\u00e9b\u00e9coises (ACEQ) a \u00e9t\u00e9 fond\u00e9e le 1er avril 2006, ayant pour but d\u2019\u00e9largir les int\u00e9r\u00eats des chercheurs sur la francophonie, d\u2019avoir une nouvelle perspective, d\u2019introduire essentiellement la linguistique, la litt\u00e9rature, l\u2019histoire et la culture qu\u00e9b\u00e9coises en Cor\u00e9e du Sud et d\u2019\u00e9changer des r\u00e9sultats scientifiques avec les chercheurs canadiens. \ud55c\uad6d\ud018\ubca1\ud559\ud68c\ub294 2006\ub144 4\uc6d4 [&hellip;]<\/p>\n","protected":false},"author":1,"featured_media":0,"parent":0,"menu_order":0,"comment_status":"closed","ping_status":"closed","template":"","meta":{"footnotes":""},"class_list":["post-9","page","type-page","status-publish","hentry"],"_links":{"self":[{"href":"https:\/\/aceq.kr\/fr\/wp-json\/wp\/v2\/pages\/9","targetHints":{"allow":["GET"]}}],"collection":[{"href":"https:\/\/aceq.kr\/fr\/wp-json\/wp\/v2\/pages"}],"about":[{"href":"https:\/\/aceq.kr\/fr\/wp-json\/wp\/v2\/types\/page"}],"author":[{"embeddable":true,"href":"https:\/\/aceq.kr\/fr\/wp-json\/wp\/v2\/users\/1"}],"replies":[{"embeddable":true,"href":"https:\/\/aceq.kr\/fr\/wp-json\/wp\/v2\/comments?post=9"}],"version-history":[{"count":13,"href":"https:\/\/aceq.kr\/fr\/wp-json\/wp\/v2\/pages\/9\/revisions"}],"predecessor-version":[{"id":252,"href":"https:\/\/aceq.kr\/fr\/wp-json\/wp\/v2\/pages\/9\/revisions\/252"}],"wp:attachment":[{"href":"https:\/\/aceq.kr\/fr\/wp-json\/wp\/v2\/media?parent=9"}],"curies":[{"name":"wp","href":"https:\/\/api.w.org\/{rel}","templated":true}]}}